{"id":8827,"date":"2025-09-05T09:42:13","date_gmt":"2025-09-05T13:42:13","guid":{"rendered":"https:\/\/bernadettekhalil.com\/?post_type=product&#038;p=8827"},"modified":"2026-03-17T10:07:45","modified_gmt":"2026-03-17T14:07:45","slug":"inscription-bekaaboxe-zoom","status":"publish","type":"product","link":"https:\/\/bernadettekhalil.com\/en\/product\/inscription-bekaaboxe-zoom\/","title":{"rendered":"Inscription &#8211; BEKAABOXE Zoom"},"content":{"rendered":"","protected":false},"excerpt":{"rendered":"[elementor-template id=\"8929\"]\n<p><span style=\"color: #ff0000;\"><strong><em>Si vous voulez plus qu\u2019une journ\u00e9e, vous devez compl\u00e9ter la commande en ajoutant le produit au panier autant de fois que n\u00e9cessaire.<\/em><\/strong><\/span><\/p>\n","protected":false},"featured_media":8229,"template":"","meta":{"site-sidebar-layout":"default","site-content-layout":"","ast-site-content-layout":"default","site-content-style":"default","site-sidebar-style":"default","ast-global-header-display":"","ast-banner-title-visibility":"","ast-main-header-display":"","ast-hfb-above-header-display":"","ast-hfb-below-header-display":"","ast-hfb-mobile-header-display":"","site-post-title":"","ast-breadcrumbs-content":"","ast-featured-img":"","footer-sml-layout":"","theme-transparent-header-meta":"default","adv-header-id-meta":"","stick-header-meta":"","header-above-stick-meta":"","header-main-stick-meta":"","header-below-stick-meta":"","astra-migrate-meta-layouts":"set","ast-page-background-enabled":"default","ast-page-background-meta":{"desktop":{"background-color":"","background-image":"","background-repeat":"repeat","background-position":"center center","background-size":"auto","background-attachment":"scroll","background-type":"","background-media":"","overlay-type":"","overlay-color":"","overlay-opacity":"","overlay-gradient":""},"tablet":{"background-color":"","background-image":"","background-repeat":"repeat","background-position":"center center","background-size":"auto","background-attachment":"scroll","background-type":"","background-media":"","overlay-type":"","overlay-color":"","overlay-opacity":"","overlay-gradient":""},"mobile":{"background-color":"","background-image":"","background-repeat":"repeat","background-position":"center center","background-size":"auto","background-attachment":"scroll","background-type":"","background-media":"","overlay-type":"","overlay-color":"","overlay-opacity":"","overlay-gradient":""}},"ast-content-background-meta":{"desktop":{"background-color":"var(--ast-global-color-5)","background-image":"","background-repeat":"repeat","background-position":"center center","background-size":"auto","background-attachment":"scroll","background-type":"","background-media":"","overlay-type":"","overlay-color":"","overlay-opacity":"","overlay-gradient":""},"tablet":{"background-color":"var(--ast-global-color-5)","background-image":"","background-repeat":"repeat","background-position":"center center","background-size":"auto","background-attachment":"scroll","background-type":"","background-media":"","overlay-type":"","overlay-color":"","overlay-opacity":"","overlay-gradient":""},"mobile":{"background-color":"var(--ast-global-color-5)","background-image":"","background-repeat":"repeat","background-position":"center center","background-size":"auto","background-attachment":"scroll","background-type":"","background-media":"","overlay-type":"","overlay-color":"","overlay-opacity":"","overlay-gradient":""}}},"product_brand":[],"product_cat":[152],"product_tag":[],"class_list":{"0":"post-8827","1":"product","2":"type-product","3":"status-publish","4":"has-post-thumbnail","6":"product_cat-inscription","7":"desktop-align-left","8":"tablet-align-left","9":"mobile-align-left","11":"first","12":"instock","13":"taxable","14":"shipping-taxable","15":"product-type-variable"},"yoast_head":"<!-- This site is optimized with the Yoast SEO plugin v27.3 - https:\/\/yoast.com\/product\/yoast-seo-wordpress\/ -->\n<title>Inscription - BEKAABOXE Zoom - Boutique Bernadette Khalil<\/title>\n<meta name=\"robots\" content=\"index, follow, max-snippet:-1, max-image-preview:large, max-video-preview:-1\" \/>\n<link rel=\"canonical\" href=\"https:\/\/bernadettekhalil.com\/en\/product\/inscription-bekaaboxe-zoom\/\" \/>\n<meta property=\"og:locale\" content=\"en_US\" \/>\n<meta property=\"og:type\" content=\"article\" \/>\n<meta property=\"og:title\" content=\"Inscription - BEKAABOXE Zoom - Boutique Bernadette Khalil\" \/>\n<meta property=\"og:description\" content=\"Si vous voulez plus qu\u2019une journ\u00e9e, vous devez compl\u00e9ter la commande en ajoutant le produit au panier autant de fois que n\u00e9cessaire.\" \/>\n<meta property=\"og:url\" content=\"https:\/\/bernadettekhalil.com\/en\/product\/inscription-bekaaboxe-zoom\/\" \/>\n<meta property=\"og:site_name\" content=\"Boutique Bernadette Khalil\" \/>\n<meta property=\"article:modified_time\" content=\"2026-03-17T14:07:45+00:00\" \/>\n<meta property=\"og:image\" content=\"https:\/\/bernadettekhalil.com\/wp-content\/uploads\/2024\/12\/coeur-bekaaboxe.jpg\" \/>\n\t<meta property=\"og:image:width\" content=\"800\" \/>\n\t<meta property=\"og:image:height\" content=\"800\" \/>\n\t<meta property=\"og:image:type\" content=\"image\/jpeg\" \/>\n<meta name=\"twitter:card\" content=\"summary_large_image\" \/>\n<script type=\"application\/ld+json\" class=\"yoast-schema-graph\">{\"@context\":\"https:\\\/\\\/schema.org\",\"@graph\":[{\"@type\":\"WebPage\",\"@id\":\"https:\\\/\\\/bernadettekhalil.com\\\/en\\\/product\\\/inscription-bekaaboxe-zoom\\\/\",\"url\":\"https:\\\/\\\/bernadettekhalil.com\\\/en\\\/product\\\/inscription-bekaaboxe-zoom\\\/\",\"name\":\"Inscription - BEKAABOXE Zoom - Boutique Bernadette Khalil\",\"isPartOf\":{\"@id\":\"https:\\\/\\\/bernadettekhalil.com\\\/en\\\/#website\"},\"primaryImageOfPage\":{\"@id\":\"https:\\\/\\\/bernadettekhalil.com\\\/en\\\/product\\\/inscription-bekaaboxe-zoom\\\/#primaryimage\"},\"image\":{\"@id\":\"https:\\\/\\\/bernadettekhalil.com\\\/en\\\/product\\\/inscription-bekaaboxe-zoom\\\/#primaryimage\"},\"thumbnailUrl\":\"https:\\\/\\\/bernadettekhalil.com\\\/wp-content\\\/uploads\\\/2024\\\/12\\\/coeur-bekaaboxe.jpg\",\"datePublished\":\"2025-09-05T13:42:13+00:00\",\"dateModified\":\"2026-03-17T14:07:45+00:00\",\"breadcrumb\":{\"@id\":\"https:\\\/\\\/bernadettekhalil.com\\\/en\\\/product\\\/inscription-bekaaboxe-zoom\\\/#breadcrumb\"},\"inLanguage\":\"en-US\",\"potentialAction\":[{\"@type\":\"ReadAction\",\"target\":[\"https:\\\/\\\/bernadettekhalil.com\\\/en\\\/product\\\/inscription-bekaaboxe-zoom\\\/\"]}]},{\"@type\":\"ImageObject\",\"inLanguage\":\"en-US\",\"@id\":\"https:\\\/\\\/bernadettekhalil.com\\\/en\\\/product\\\/inscription-bekaaboxe-zoom\\\/#primaryimage\",\"url\":\"https:\\\/\\\/bernadettekhalil.com\\\/wp-content\\\/uploads\\\/2024\\\/12\\\/coeur-bekaaboxe.jpg\",\"contentUrl\":\"https:\\\/\\\/bernadettekhalil.com\\\/wp-content\\\/uploads\\\/2024\\\/12\\\/coeur-bekaaboxe.jpg\",\"width\":800,\"height\":800},{\"@type\":\"BreadcrumbList\",\"@id\":\"https:\\\/\\\/bernadettekhalil.com\\\/en\\\/product\\\/inscription-bekaaboxe-zoom\\\/#breadcrumb\",\"itemListElement\":[{\"@type\":\"ListItem\",\"position\":1,\"name\":\"Shop\",\"item\":\"https:\\\/\\\/bernadettekhalil.com\\\/en\\\/shop\\\/\"},{\"@type\":\"ListItem\",\"position\":2,\"name\":\"Inscription\",\"item\":\"https:\\\/\\\/bernadettekhalil.com\\\/categorie-produits\\\/inscription\\\/\"},{\"@type\":\"ListItem\",\"position\":3,\"name\":\"Inscription &#8211; BEKAABOXE Zoom\"}]},{\"@type\":\"WebSite\",\"@id\":\"https:\\\/\\\/bernadettekhalil.com\\\/en\\\/#website\",\"url\":\"https:\\\/\\\/bernadettekhalil.com\\\/en\\\/\",\"name\":\"Boutique Bernadette Khalil\",\"description\":\"\",\"publisher\":{\"@id\":\"https:\\\/\\\/bernadettekhalil.com\\\/en\\\/#organization\"},\"potentialAction\":[{\"@type\":\"SearchAction\",\"target\":{\"@type\":\"EntryPoint\",\"urlTemplate\":\"https:\\\/\\\/bernadettekhalil.com\\\/en\\\/?s={search_term_string}\"},\"query-input\":{\"@type\":\"PropertyValueSpecification\",\"valueRequired\":true,\"valueName\":\"search_term_string\"}}],\"inLanguage\":\"en-US\"},{\"@type\":\"Organization\",\"@id\":\"https:\\\/\\\/bernadettekhalil.com\\\/en\\\/#organization\",\"name\":\"Bernadette Khalil\",\"url\":\"https:\\\/\\\/bernadettekhalil.com\\\/en\\\/\",\"logo\":{\"@type\":\"ImageObject\",\"inLanguage\":\"en-US\",\"@id\":\"https:\\\/\\\/bernadettekhalil.com\\\/en\\\/#\\\/schema\\\/logo\\\/image\\\/\",\"url\":\"https:\\\/\\\/bernadettekhalil.com\\\/wp-content\\\/uploads\\\/2020\\\/05\\\/bernadette-khalil-vignette.png\",\"contentUrl\":\"https:\\\/\\\/bernadettekhalil.com\\\/wp-content\\\/uploads\\\/2020\\\/05\\\/bernadette-khalil-vignette.png\",\"width\":500,\"height\":341,\"caption\":\"Bernadette Khalil\"},\"image\":{\"@id\":\"https:\\\/\\\/bernadettekhalil.com\\\/en\\\/#\\\/schema\\\/logo\\\/image\\\/\"},\"sameAs\":[\"https:\\\/\\\/www.youtube.com\\\/channel\\\/UC0JPPlf--jppL2RgJxJTkYA\"]}]}<\/script>\n<!-- \/ Yoast SEO plugin. -->","yoast_head_json":{"title":"Inscription - BEKAABOXE Zoom - Boutique Bernadette Khalil","robots":{"index":"index","follow":"follow","max-snippet":"max-snippet:-1","max-image-preview":"max-image-preview:large","max-video-preview":"max-video-preview:-1"},"canonical":"https:\/\/bernadettekhalil.com\/en\/product\/inscription-bekaaboxe-zoom\/","og_locale":"en_US","og_type":"article","og_title":"Inscription - BEKAABOXE Zoom - Boutique Bernadette Khalil","og_description":"Si vous voulez plus qu\u2019une journ\u00e9e, vous devez compl\u00e9ter la commande en ajoutant le produit au panier autant de fois que n\u00e9cessaire.","og_url":"https:\/\/bernadettekhalil.com\/en\/product\/inscription-bekaaboxe-zoom\/","og_site_name":"Boutique Bernadette Khalil","article_modified_time":"2026-03-17T14:07:45+00:00","og_image":[{"width":800,"height":800,"url":"https:\/\/bernadettekhalil.com\/wp-content\/uploads\/2024\/12\/coeur-bekaaboxe.jpg","type":"image\/jpeg"}],"twitter_card":"summary_large_image","schema":{"@context":"https:\/\/schema.org","@graph":[{"@type":"WebPage","@id":"https:\/\/bernadettekhalil.com\/en\/product\/inscription-bekaaboxe-zoom\/","url":"https:\/\/bernadettekhalil.com\/en\/product\/inscription-bekaaboxe-zoom\/","name":"Inscription - BEKAABOXE Zoom - Boutique Bernadette Khalil","isPartOf":{"@id":"https:\/\/bernadettekhalil.com\/en\/#website"},"primaryImageOfPage":{"@id":"https:\/\/bernadettekhalil.com\/en\/product\/inscription-bekaaboxe-zoom\/#primaryimage"},"image":{"@id":"https:\/\/bernadettekhalil.com\/en\/product\/inscription-bekaaboxe-zoom\/#primaryimage"},"thumbnailUrl":"https:\/\/bernadettekhalil.com\/wp-content\/uploads\/2024\/12\/coeur-bekaaboxe.jpg","datePublished":"2025-09-05T13:42:13+00:00","dateModified":"2026-03-17T14:07:45+00:00","breadcrumb":{"@id":"https:\/\/bernadettekhalil.com\/en\/product\/inscription-bekaaboxe-zoom\/#breadcrumb"},"inLanguage":"en-US","potentialAction":[{"@type":"ReadAction","target":["https:\/\/bernadettekhalil.com\/en\/product\/inscription-bekaaboxe-zoom\/"]}]},{"@type":"ImageObject","inLanguage":"en-US","@id":"https:\/\/bernadettekhalil.com\/en\/product\/inscription-bekaaboxe-zoom\/#primaryimage","url":"https:\/\/bernadettekhalil.com\/wp-content\/uploads\/2024\/12\/coeur-bekaaboxe.jpg","contentUrl":"https:\/\/bernadettekhalil.com\/wp-content\/uploads\/2024\/12\/coeur-bekaaboxe.jpg","width":800,"height":800},{"@type":"BreadcrumbList","@id":"https:\/\/bernadettekhalil.com\/en\/product\/inscription-bekaaboxe-zoom\/#breadcrumb","itemListElement":[{"@type":"ListItem","position":1,"name":"Shop","item":"https:\/\/bernadettekhalil.com\/en\/shop\/"},{"@type":"ListItem","position":2,"name":"Inscription","item":"https:\/\/bernadettekhalil.com\/categorie-produits\/inscription\/"},{"@type":"ListItem","position":3,"name":"Inscription &#8211; BEKAABOXE Zoom"}]},{"@type":"WebSite","@id":"https:\/\/bernadettekhalil.com\/en\/#website","url":"https:\/\/bernadettekhalil.com\/en\/","name":"Boutique Bernadette Khalil","description":"","publisher":{"@id":"https:\/\/bernadettekhalil.com\/en\/#organization"},"potentialAction":[{"@type":"SearchAction","target":{"@type":"EntryPoint","urlTemplate":"https:\/\/bernadettekhalil.com\/en\/?s={search_term_string}"},"query-input":{"@type":"PropertyValueSpecification","valueRequired":true,"valueName":"search_term_string"}}],"inLanguage":"en-US"},{"@type":"Organization","@id":"https:\/\/bernadettekhalil.com\/en\/#organization","name":"Bernadette Khalil","url":"https:\/\/bernadettekhalil.com\/en\/","logo":{"@type":"ImageObject","inLanguage":"en-US","@id":"https:\/\/bernadettekhalil.com\/en\/#\/schema\/logo\/image\/","url":"https:\/\/bernadettekhalil.com\/wp-content\/uploads\/2020\/05\/bernadette-khalil-vignette.png","contentUrl":"https:\/\/bernadettekhalil.com\/wp-content\/uploads\/2020\/05\/bernadette-khalil-vignette.png","width":500,"height":341,"caption":"Bernadette Khalil"},"image":{"@id":"https:\/\/bernadettekhalil.com\/en\/#\/schema\/logo\/image\/"},"sameAs":["https:\/\/www.youtube.com\/channel\/UC0JPPlf--jppL2RgJxJTkYA"]}]}},"_links":{"self":[{"href":"https:\/\/bernadettekhalil.com\/en\/wp-json\/wp\/v2\/product\/8827","targetHints":{"allow":["GET"]}}],"collection":[{"href":"https:\/\/bernadettekhalil.com\/en\/wp-json\/wp\/v2\/product"}],"about":[{"href":"https:\/\/bernadettekhalil.com\/en\/wp-json\/wp\/v2\/types\/product"}],"wp:featuredmedia":[{"embeddable":true,"href":"https:\/\/bernadettekhalil.com\/en\/wp-json\/wp\/v2\/media\/8229"}],"wp:attachment":[{"href":"https:\/\/bernadettekhalil.com\/en\/wp-json\/wp\/v2\/media?parent=8827"}],"wp:term":[{"taxonomy":"product_brand","embeddable":true,"href":"https:\/\/bernadettekhalil.com\/en\/wp-json\/wp\/v2\/product_brand?post=8827"},{"taxonomy":"product_cat","embeddable":true,"href":"https:\/\/bernadettekhalil.com\/en\/wp-json\/wp\/v2\/product_cat?post=8827"},{"taxonomy":"product_tag","embeddable":true,"href":"https:\/\/bernadettekhalil.com\/en\/wp-json\/wp\/v2\/product_tag?post=8827"}],"curies":[{"name":"wp","href":"https:\/\/api.w.org\/{rel}","templated":true}]}}