{"id":11510,"date":"2026-04-14T16:01:17","date_gmt":"2026-04-14T20:01:17","guid":{"rendered":"https:\/\/bernadettekhalil.com\/?post_type=product&#038;p=11510"},"modified":"2026-04-14T16:01:17","modified_gmt":"2026-04-14T20:01:17","slug":"glorieux-pelerinage-au-coeur-des-jardins-de-lumiere-vers-notre-royaume-divin","status":"publish","type":"product","link":"https:\/\/bernadettekhalil.com\/en\/product\/glorieux-pelerinage-au-coeur-des-jardins-de-lumiere-vers-notre-royaume-divin\/","title":{"rendered":"Glorieux p\u00e8lerinage au c\u0153ur des jardins de Lumi\u00e8re vers notre Royaume divin"},"content":{"rendered":"","protected":false},"excerpt":{"rendered":"<p>Accepter de s&#8217;impr\u00e9gner de la Gr\u00e2ce divine et s\u2019aligner \u00e0 la Lumi\u00e8re christique. Laisser mourir l\u2019agonie en nous, ouvrir notre c\u0153ur et apprendre \u00e0 s\u2019aimer, en toute circonstance.<\/p>\n<p><strong><img decoding=\"async\" class=\"alignnone size-full wp-image-4410\" src=\"https:\/\/bernadettekhalil.com\/wp-content\/uploads\/2020\/11\/puce-divine.png\" alt=\"puce-divine\" width=\"38\" height=\"32\" \/>Aligner<\/strong> notre colonne vert\u00e9brale avec la Lumi\u00e8re christique.<\/p>\n<p><strong> <img decoding=\"async\" class=\"alignnone size-full wp-image-4410\" src=\"https:\/\/bernadettekhalil.com\/wp-content\/uploads\/2020\/11\/puce-divine.png\" alt=\"puce-divine\" width=\"38\" height=\"32\" \/>Imaginer<\/strong> que chacune de nos vert\u00e8bres ouvre ses bras \u00e0 la Volont\u00e9 de Dieu, \u00e0 l\u2019image de J\u00e9sus sur la croix.<\/p>\n<p><strong><img decoding=\"async\" class=\"alignnone size-full wp-image-4410\" src=\"https:\/\/bernadettekhalil.com\/wp-content\/uploads\/2020\/11\/puce-divine.png\" alt=\"puce-divine\" width=\"38\" height=\"32\" \/>Ouvrir<\/strong> notre c\u0153ur pour acc\u00e9der au Royaume de Dieu qui se trouve en chacun de nous.<\/p>\n<p><strong><img decoding=\"async\" class=\"alignnone size-full wp-image-4410\" src=\"https:\/\/bernadettekhalil.com\/wp-content\/uploads\/2020\/11\/puce-divine.png\" alt=\"puce-divine\" width=\"38\" height=\"32\" \/>Accueillir<\/strong> l\u2019opportunit\u00e9 de lib\u00e9rer l\u2019agonie li\u00e9e aux sentiments de rejet, d\u2019abandon et d\u2019indiff\u00e9rence.<\/p>\n<p><strong><img decoding=\"async\" class=\"alignnone size-full wp-image-4410\" src=\"https:\/\/bernadettekhalil.com\/wp-content\/uploads\/2020\/11\/puce-divine.png\" alt=\"puce-divine\" width=\"38\" height=\"32\" \/>S\u2019autorise<\/strong>r \u00e0 s\u2019aimer, au-del\u00e0 des situations et des \u00e9preuves.<\/p>\n<p><strong><img decoding=\"async\" class=\"alignnone size-full wp-image-4410\" src=\"https:\/\/bernadettekhalil.com\/wp-content\/uploads\/2020\/11\/puce-divine.png\" alt=\"puce-divine\" width=\"38\" height=\"32\" \/>S\u2019inspirer<\/strong> de J\u00e9sus pour accueillir et rel\u00e2cher nos \u00e9motions au moment o\u00f9 elles \u00e9mergent.<\/p>\n<p><strong><img decoding=\"async\" class=\"alignnone size-full wp-image-4410\" src=\"https:\/\/bernadettekhalil.com\/wp-content\/uploads\/2020\/11\/puce-divine.png\" alt=\"puce-divine\" width=\"38\" height=\"32\" \/>S\u2019ancrer<\/strong> dans la Paix en renon\u00e7ant \u00e0 la vengeance.<\/p>\n<p><strong><img decoding=\"async\" class=\"alignnone size-full wp-image-4410\" src=\"https:\/\/bernadettekhalil.com\/wp-content\/uploads\/2020\/11\/puce-divine.png\" alt=\"puce-divine\" width=\"38\" height=\"32\" \/>Honorer<\/strong> le silence plut\u00f4t que de c\u00e9der au besoin de justification et d\u2019explication.<\/p>\n<p><strong><img decoding=\"async\" class=\"alignnone size-full wp-image-4410\" src=\"https:\/\/bernadettekhalil.com\/wp-content\/uploads\/2020\/11\/puce-divine.png\" alt=\"puce-divine\" width=\"38\" height=\"32\" \/>Se d\u00e9tacher<\/strong> de la souffrance pour que notre Lumi\u00e8re puisse rayonner.<\/p>\n<p><strong><img decoding=\"async\" class=\"alignnone size-full wp-image-4410\" src=\"https:\/\/bernadettekhalil.com\/wp-content\/uploads\/2020\/11\/puce-divine.png\" alt=\"puce-divine\" width=\"38\" height=\"32\" \/>Rel\u00e2cher<\/strong> la langue et la salive, charg\u00e9es de discussions, d\u2019explications et d\u2019inqui\u00e9tudes.<\/p>\n<p><strong><img decoding=\"async\" class=\"alignnone size-full wp-image-4410\" src=\"https:\/\/bernadettekhalil.com\/wp-content\/uploads\/2020\/11\/puce-divine.png\" alt=\"puce-divine\" width=\"38\" height=\"32\" \/>Reconna\u00eetre<\/strong> que notre dignit\u00e9 se trouve dans notre identit\u00e9 profonde, ancr\u00e9e dans la compassion et l\u2019amour, au-del\u00e0 de la mani\u00e8re dont on nous consid\u00e8re.<\/p>\n<p><strong><img decoding=\"async\" class=\"alignnone size-full wp-image-4410\" src=\"https:\/\/bernadettekhalil.com\/wp-content\/uploads\/2020\/11\/puce-divine.png\" alt=\"puce-divine\" width=\"38\" height=\"32\" \/>S\u2019engager<\/strong> \u00e0 \u00eatre le chemin qui conduit \u00e0 la Lumi\u00e8re.<\/p>\n<p><strong><img decoding=\"async\" class=\"alignnone size-full wp-image-4410\" src=\"https:\/\/bernadettekhalil.com\/wp-content\/uploads\/2020\/11\/puce-divine.png\" alt=\"puce-divine\" width=\"38\" height=\"32\" \/>Laisser<\/strong> la Lumi\u00e8re christique descendre en moi et m\u2019habiter pour l\u2019\u00e9ternit\u00e9.<\/p>\n<p>&nbsp;<\/p>\n","protected":false},"featured_media":5181,"template":"","meta":{"site-sidebar-layout":"default","site-content-layout":"","ast-site-content-layout":"default","site-content-style":"default","site-sidebar-style":"default","ast-global-header-display":"","ast-banner-title-visibility":"","ast-main-header-display":"","ast-hfb-above-header-display":"","ast-hfb-below-header-display":"","ast-hfb-mobile-header-display":"","site-post-title":"","ast-breadcrumbs-content":"","ast-featured-img":"","footer-sml-layout":"","theme-transparent-header-meta":"default","adv-header-id-meta":"","stick-header-meta":"","header-above-stick-meta":"","header-main-stick-meta":"","header-below-stick-meta":"","astra-migrate-meta-layouts":"set","ast-page-background-enabled":"default","ast-page-background-meta":{"desktop":{"background-color":"","background-image":"","background-repeat":"repeat","background-position":"center center","background-size":"auto","background-attachment":"scroll","background-type":"","background-media":"","overlay-type":"","overlay-color":"","overlay-opacity":"","overlay-gradient":""},"tablet":{"background-color":"","background-image":"","background-repeat":"repeat","background-position":"center center","background-size":"auto","background-attachment":"scroll","background-type":"","background-media":"","overlay-type":"","overlay-color":"","overlay-opacity":"","overlay-gradient":""},"mobile":{"background-color":"","background-image":"","background-repeat":"repeat","background-position":"center center","background-size":"auto","background-attachment":"scroll","background-type":"","background-media":"","overlay-type":"","overlay-color":"","overlay-opacity":"","overlay-gradient":""}},"ast-content-background-meta":{"desktop":{"background-color":"var(--ast-global-color-5)","background-image":"","background-repeat":"repeat","background-position":"center center","background-size":"auto","background-attachment":"scroll","background-type":"","background-media":"","overlay-type":"","overlay-color":"","overlay-opacity":"","overlay-gradient":""},"tablet":{"background-color":"var(--ast-global-color-5)","background-image":"","background-repeat":"repeat","background-position":"center center","background-size":"auto","background-attachment":"scroll","background-type":"","background-media":"","overlay-type":"","overlay-color":"","overlay-opacity":"","overlay-gradient":""},"mobile":{"background-color":"var(--ast-global-color-5)","background-image":"","background-repeat":"repeat","background-position":"center center","background-size":"auto","background-attachment":"scroll","background-type":"","background-media":"","overlay-type":"","overlay-color":"","overlay-opacity":"","overlay-gradient":""}}},"product_brand":[],"product_cat":[42,121],"product_tag":[],"class_list":{"0":"post-11510","1":"product","2":"type-product","3":"status-publish","4":"has-post-thumbnail","6":"product_cat-audios-et-videos-a-telecharger","7":"product_cat-meditation-2","8":"desktop-align-left","9":"tablet-align-left","10":"mobile-align-left","12":"first","13":"instock","14":"downloadable","15":"virtual","16":"taxable","17":"purchasable","18":"product-type-simple"},"yoast_head":"<!-- This site is optimized with the Yoast SEO plugin v27.5 - https:\/\/yoast.com\/product\/yoast-seo-wordpress\/ -->\n<title>Glorieux p\u00e8lerinage au c\u0153ur des jardins de Lumi\u00e8re vers notre Royaume divin - Boutique Bernadette Khalil<\/title>\n<meta name=\"robots\" content=\"index, follow, max-snippet:-1, max-image-preview:large, max-video-preview:-1\" \/>\n<link rel=\"canonical\" href=\"https:\/\/bernadettekhalil.com\/en\/product\/glorieux-pelerinage-au-coeur-des-jardins-de-lumiere-vers-notre-royaume-divin\/\" \/>\n<meta property=\"og:locale\" content=\"en_US\" \/>\n<meta property=\"og:type\" content=\"article\" \/>\n<meta property=\"og:title\" content=\"Glorieux p\u00e8lerinage au c\u0153ur des jardins de Lumi\u00e8re vers notre Royaume divin - Boutique Bernadette Khalil\" \/>\n<meta property=\"og:description\" content=\"Accepter de s&#039;impr\u00e9gner de la Gr\u00e2ce divine et s\u2019aligner \u00e0 la Lumi\u00e8re christique. Laisser mourir l\u2019agonie en nous, ouvrir notre c\u0153ur et apprendre \u00e0 s\u2019aimer, en toute circonstance.  Aligner notre colonne vert\u00e9brale avec la Lumi\u00e8re christique.   Imaginer que chacune de nos vert\u00e8bres ouvre ses bras \u00e0 la Volont\u00e9 de Dieu, \u00e0 l\u2019image de J\u00e9sus sur la croix.  Ouvrir notre c\u0153ur pour acc\u00e9der au Royaume de Dieu qui se trouve en chacun de nous.  Accueillir l\u2019opportunit\u00e9 de lib\u00e9rer l\u2019agonie li\u00e9e aux sentiments de rejet, d\u2019abandon et d\u2019indiff\u00e9rence.  S\u2019autoriser \u00e0 s\u2019aimer, au-del\u00e0 des situations et des \u00e9preuves.  S\u2019inspirer de J\u00e9sus pour accueillir et rel\u00e2cher nos \u00e9motions au moment o\u00f9 elles \u00e9mergent.  S\u2019ancrer dans la Paix en renon\u00e7ant \u00e0 la vengeance.  Honorer le silence plut\u00f4t que de c\u00e9der au besoin de justification et d\u2019explication.  Se d\u00e9tacher de la souffrance pour que notre Lumi\u00e8re puisse rayonner.  Rel\u00e2cher la langue et la salive, charg\u00e9es de discussions, d\u2019explications et d\u2019inqui\u00e9tudes.  Reconna\u00eetre que notre dignit\u00e9 se trouve dans notre identit\u00e9 profonde, ancr\u00e9e dans la compassion et l\u2019amour, au-del\u00e0 de la mani\u00e8re dont on nous consid\u00e8re.  S\u2019engager \u00e0 \u00eatre le chemin qui conduit \u00e0 la Lumi\u00e8re.  Laisser la Lumi\u00e8re christique descendre en moi et m\u2019habiter pour l\u2019\u00e9ternit\u00e9.  &nbsp;\" \/>\n<meta property=\"og:url\" content=\"https:\/\/bernadettekhalil.com\/en\/product\/glorieux-pelerinage-au-coeur-des-jardins-de-lumiere-vers-notre-royaume-divin\/\" \/>\n<meta property=\"og:site_name\" content=\"Boutique Bernadette Khalil\" \/>\n<meta property=\"og:image\" content=\"https:\/\/bernadettekhalil.com\/wp-content\/uploads\/2022\/08\/communion-energie-divine.jpg\" \/>\n\t<meta property=\"og:image:width\" content=\"800\" \/>\n\t<meta property=\"og:image:height\" content=\"800\" \/>\n\t<meta property=\"og:image:type\" content=\"image\/jpeg\" \/>\n<meta name=\"twitter:card\" content=\"summary_large_image\" \/>\n<script type=\"application\/ld+json\" class=\"yoast-schema-graph\">{\"@context\":\"https:\\\/\\\/schema.org\",\"@graph\":[{\"@type\":\"WebPage\",\"@id\":\"https:\\\/\\\/bernadettekhalil.com\\\/en\\\/product\\\/glorieux-pelerinage-au-coeur-des-jardins-de-lumiere-vers-notre-royaume-divin\\\/\",\"url\":\"https:\\\/\\\/bernadettekhalil.com\\\/en\\\/product\\\/glorieux-pelerinage-au-coeur-des-jardins-de-lumiere-vers-notre-royaume-divin\\\/\",\"name\":\"Glorieux p\u00e8lerinage au c\u0153ur des jardins de Lumi\u00e8re vers notre Royaume divin - Boutique Bernadette Khalil\",\"isPartOf\":{\"@id\":\"https:\\\/\\\/bernadettekhalil.com\\\/en\\\/#website\"},\"primaryImageOfPage\":{\"@id\":\"https:\\\/\\\/bernadettekhalil.com\\\/en\\\/product\\\/glorieux-pelerinage-au-coeur-des-jardins-de-lumiere-vers-notre-royaume-divin\\\/#primaryimage\"},\"image\":{\"@id\":\"https:\\\/\\\/bernadettekhalil.com\\\/en\\\/product\\\/glorieux-pelerinage-au-coeur-des-jardins-de-lumiere-vers-notre-royaume-divin\\\/#primaryimage\"},\"thumbnailUrl\":\"https:\\\/\\\/bernadettekhalil.com\\\/wp-content\\\/uploads\\\/2022\\\/08\\\/communion-energie-divine.jpg\",\"datePublished\":\"2026-04-14T20:01:17+00:00\",\"breadcrumb\":{\"@id\":\"https:\\\/\\\/bernadettekhalil.com\\\/en\\\/product\\\/glorieux-pelerinage-au-coeur-des-jardins-de-lumiere-vers-notre-royaume-divin\\\/#breadcrumb\"},\"inLanguage\":\"en-US\",\"potentialAction\":[{\"@type\":\"ReadAction\",\"target\":[\"https:\\\/\\\/bernadettekhalil.com\\\/en\\\/product\\\/glorieux-pelerinage-au-coeur-des-jardins-de-lumiere-vers-notre-royaume-divin\\\/\"]}]},{\"@type\":\"ImageObject\",\"inLanguage\":\"en-US\",\"@id\":\"https:\\\/\\\/bernadettekhalil.com\\\/en\\\/product\\\/glorieux-pelerinage-au-coeur-des-jardins-de-lumiere-vers-notre-royaume-divin\\\/#primaryimage\",\"url\":\"https:\\\/\\\/bernadettekhalil.com\\\/wp-content\\\/uploads\\\/2022\\\/08\\\/communion-energie-divine.jpg\",\"contentUrl\":\"https:\\\/\\\/bernadettekhalil.com\\\/wp-content\\\/uploads\\\/2022\\\/08\\\/communion-energie-divine.jpg\",\"width\":800,\"height\":800,\"caption\":\"communion-energie-divine\"},{\"@type\":\"BreadcrumbList\",\"@id\":\"https:\\\/\\\/bernadettekhalil.com\\\/en\\\/product\\\/glorieux-pelerinage-au-coeur-des-jardins-de-lumiere-vers-notre-royaume-divin\\\/#breadcrumb\",\"itemListElement\":[{\"@type\":\"ListItem\",\"position\":1,\"name\":\"Shop\",\"item\":\"https:\\\/\\\/bernadettekhalil.com\\\/en\\\/shop\\\/\"},{\"@type\":\"ListItem\",\"position\":2,\"name\":\"Audios and videos to download\",\"item\":\"https:\\\/\\\/bernadettekhalil.com\\\/en\\\/categorie-produits\\\/audios-and-videos-to-download\\\/\"},{\"@type\":\"ListItem\",\"position\":3,\"name\":\"Meditation\",\"item\":\"https:\\\/\\\/bernadettekhalil.com\\\/en\\\/categorie-produits\\\/audios-and-videos-to-download\\\/meditation-en-2\\\/\"},{\"@type\":\"ListItem\",\"position\":4,\"name\":\"Glorieux p\u00e8lerinage au c\u0153ur des jardins de Lumi\u00e8re vers notre Royaume divin\"}]},{\"@type\":\"WebSite\",\"@id\":\"https:\\\/\\\/bernadettekhalil.com\\\/en\\\/#website\",\"url\":\"https:\\\/\\\/bernadettekhalil.com\\\/en\\\/\",\"name\":\"Boutique Bernadette Khalil\",\"description\":\"\",\"publisher\":{\"@id\":\"https:\\\/\\\/bernadettekhalil.com\\\/en\\\/#organization\"},\"potentialAction\":[{\"@type\":\"SearchAction\",\"target\":{\"@type\":\"EntryPoint\",\"urlTemplate\":\"https:\\\/\\\/bernadettekhalil.com\\\/en\\\/?s={search_term_string}\"},\"query-input\":{\"@type\":\"PropertyValueSpecification\",\"valueRequired\":true,\"valueName\":\"search_term_string\"}}],\"inLanguage\":\"en-US\"},{\"@type\":\"Organization\",\"@id\":\"https:\\\/\\\/bernadettekhalil.com\\\/en\\\/#organization\",\"name\":\"Bernadette Khalil\",\"url\":\"https:\\\/\\\/bernadettekhalil.com\\\/en\\\/\",\"logo\":{\"@type\":\"ImageObject\",\"inLanguage\":\"en-US\",\"@id\":\"https:\\\/\\\/bernadettekhalil.com\\\/en\\\/#\\\/schema\\\/logo\\\/image\\\/\",\"url\":\"https:\\\/\\\/bernadettekhalil.com\\\/wp-content\\\/uploads\\\/2020\\\/05\\\/bernadette-khalil-vignette.png\",\"contentUrl\":\"https:\\\/\\\/bernadettekhalil.com\\\/wp-content\\\/uploads\\\/2020\\\/05\\\/bernadette-khalil-vignette.png\",\"width\":500,\"height\":341,\"caption\":\"Bernadette Khalil\"},\"image\":{\"@id\":\"https:\\\/\\\/bernadettekhalil.com\\\/en\\\/#\\\/schema\\\/logo\\\/image\\\/\"},\"sameAs\":[\"https:\\\/\\\/www.youtube.com\\\/channel\\\/UC0JPPlf--jppL2RgJxJTkYA\"]}]}<\/script>\n<!-- \/ Yoast SEO plugin. -->","yoast_head_json":{"title":"Glorieux p\u00e8lerinage au c\u0153ur des jardins de Lumi\u00e8re vers notre Royaume divin - Boutique Bernadette Khalil","robots":{"index":"index","follow":"follow","max-snippet":"max-snippet:-1","max-image-preview":"max-image-preview:large","max-video-preview":"max-video-preview:-1"},"canonical":"https:\/\/bernadettekhalil.com\/en\/product\/glorieux-pelerinage-au-coeur-des-jardins-de-lumiere-vers-notre-royaume-divin\/","og_locale":"en_US","og_type":"article","og_title":"Glorieux p\u00e8lerinage au c\u0153ur des jardins de Lumi\u00e8re vers notre Royaume divin - Boutique Bernadette Khalil","og_description":"Accepter de s'impr\u00e9gner de la Gr\u00e2ce divine et s\u2019aligner \u00e0 la Lumi\u00e8re christique. Laisser mourir l\u2019agonie en nous, ouvrir notre c\u0153ur et apprendre \u00e0 s\u2019aimer, en toute circonstance.  Aligner notre colonne vert\u00e9brale avec la Lumi\u00e8re christique.   Imaginer que chacune de nos vert\u00e8bres ouvre ses bras \u00e0 la Volont\u00e9 de Dieu, \u00e0 l\u2019image de J\u00e9sus sur la croix.  Ouvrir notre c\u0153ur pour acc\u00e9der au Royaume de Dieu qui se trouve en chacun de nous.  Accueillir l\u2019opportunit\u00e9 de lib\u00e9rer l\u2019agonie li\u00e9e aux sentiments de rejet, d\u2019abandon et d\u2019indiff\u00e9rence.  S\u2019autoriser \u00e0 s\u2019aimer, au-del\u00e0 des situations et des \u00e9preuves.  S\u2019inspirer de J\u00e9sus pour accueillir et rel\u00e2cher nos \u00e9motions au moment o\u00f9 elles \u00e9mergent.  S\u2019ancrer dans la Paix en renon\u00e7ant \u00e0 la vengeance.  Honorer le silence plut\u00f4t que de c\u00e9der au besoin de justification et d\u2019explication.  Se d\u00e9tacher de la souffrance pour que notre Lumi\u00e8re puisse rayonner.  Rel\u00e2cher la langue et la salive, charg\u00e9es de discussions, d\u2019explications et d\u2019inqui\u00e9tudes.  Reconna\u00eetre que notre dignit\u00e9 se trouve dans notre identit\u00e9 profonde, ancr\u00e9e dans la compassion et l\u2019amour, au-del\u00e0 de la mani\u00e8re dont on nous consid\u00e8re.  S\u2019engager \u00e0 \u00eatre le chemin qui conduit \u00e0 la Lumi\u00e8re.  Laisser la Lumi\u00e8re christique descendre en moi et m\u2019habiter pour l\u2019\u00e9ternit\u00e9.  &nbsp;","og_url":"https:\/\/bernadettekhalil.com\/en\/product\/glorieux-pelerinage-au-coeur-des-jardins-de-lumiere-vers-notre-royaume-divin\/","og_site_name":"Boutique Bernadette Khalil","og_image":[{"width":800,"height":800,"url":"https:\/\/bernadettekhalil.com\/wp-content\/uploads\/2022\/08\/communion-energie-divine.jpg","type":"image\/jpeg"}],"twitter_card":"summary_large_image","schema":{"@context":"https:\/\/schema.org","@graph":[{"@type":"WebPage","@id":"https:\/\/bernadettekhalil.com\/en\/product\/glorieux-pelerinage-au-coeur-des-jardins-de-lumiere-vers-notre-royaume-divin\/","url":"https:\/\/bernadettekhalil.com\/en\/product\/glorieux-pelerinage-au-coeur-des-jardins-de-lumiere-vers-notre-royaume-divin\/","name":"Glorieux p\u00e8lerinage au c\u0153ur des jardins de Lumi\u00e8re vers notre Royaume divin - Boutique Bernadette Khalil","isPartOf":{"@id":"https:\/\/bernadettekhalil.com\/en\/#website"},"primaryImageOfPage":{"@id":"https:\/\/bernadettekhalil.com\/en\/product\/glorieux-pelerinage-au-coeur-des-jardins-de-lumiere-vers-notre-royaume-divin\/#primaryimage"},"image":{"@id":"https:\/\/bernadettekhalil.com\/en\/product\/glorieux-pelerinage-au-coeur-des-jardins-de-lumiere-vers-notre-royaume-divin\/#primaryimage"},"thumbnailUrl":"https:\/\/bernadettekhalil.com\/wp-content\/uploads\/2022\/08\/communion-energie-divine.jpg","datePublished":"2026-04-14T20:01:17+00:00","breadcrumb":{"@id":"https:\/\/bernadettekhalil.com\/en\/product\/glorieux-pelerinage-au-coeur-des-jardins-de-lumiere-vers-notre-royaume-divin\/#breadcrumb"},"inLanguage":"en-US","potentialAction":[{"@type":"ReadAction","target":["https:\/\/bernadettekhalil.com\/en\/product\/glorieux-pelerinage-au-coeur-des-jardins-de-lumiere-vers-notre-royaume-divin\/"]}]},{"@type":"ImageObject","inLanguage":"en-US","@id":"https:\/\/bernadettekhalil.com\/en\/product\/glorieux-pelerinage-au-coeur-des-jardins-de-lumiere-vers-notre-royaume-divin\/#primaryimage","url":"https:\/\/bernadettekhalil.com\/wp-content\/uploads\/2022\/08\/communion-energie-divine.jpg","contentUrl":"https:\/\/bernadettekhalil.com\/wp-content\/uploads\/2022\/08\/communion-energie-divine.jpg","width":800,"height":800,"caption":"communion-energie-divine"},{"@type":"BreadcrumbList","@id":"https:\/\/bernadettekhalil.com\/en\/product\/glorieux-pelerinage-au-coeur-des-jardins-de-lumiere-vers-notre-royaume-divin\/#breadcrumb","itemListElement":[{"@type":"ListItem","position":1,"name":"Shop","item":"https:\/\/bernadettekhalil.com\/en\/shop\/"},{"@type":"ListItem","position":2,"name":"Audios and videos to download","item":"https:\/\/bernadettekhalil.com\/en\/categorie-produits\/audios-and-videos-to-download\/"},{"@type":"ListItem","position":3,"name":"Meditation","item":"https:\/\/bernadettekhalil.com\/en\/categorie-produits\/audios-and-videos-to-download\/meditation-en-2\/"},{"@type":"ListItem","position":4,"name":"Glorieux p\u00e8lerinage au c\u0153ur des jardins de Lumi\u00e8re vers notre Royaume divin"}]},{"@type":"WebSite","@id":"https:\/\/bernadettekhalil.com\/en\/#website","url":"https:\/\/bernadettekhalil.com\/en\/","name":"Boutique Bernadette Khalil","description":"","publisher":{"@id":"https:\/\/bernadettekhalil.com\/en\/#organization"},"potentialAction":[{"@type":"SearchAction","target":{"@type":"EntryPoint","urlTemplate":"https:\/\/bernadettekhalil.com\/en\/?s={search_term_string}"},"query-input":{"@type":"PropertyValueSpecification","valueRequired":true,"valueName":"search_term_string"}}],"inLanguage":"en-US"},{"@type":"Organization","@id":"https:\/\/bernadettekhalil.com\/en\/#organization","name":"Bernadette Khalil","url":"https:\/\/bernadettekhalil.com\/en\/","logo":{"@type":"ImageObject","inLanguage":"en-US","@id":"https:\/\/bernadettekhalil.com\/en\/#\/schema\/logo\/image\/","url":"https:\/\/bernadettekhalil.com\/wp-content\/uploads\/2020\/05\/bernadette-khalil-vignette.png","contentUrl":"https:\/\/bernadettekhalil.com\/wp-content\/uploads\/2020\/05\/bernadette-khalil-vignette.png","width":500,"height":341,"caption":"Bernadette Khalil"},"image":{"@id":"https:\/\/bernadettekhalil.com\/en\/#\/schema\/logo\/image\/"},"sameAs":["https:\/\/www.youtube.com\/channel\/UC0JPPlf--jppL2RgJxJTkYA"]}]}},"_links":{"self":[{"href":"https:\/\/bernadettekhalil.com\/en\/wp-json\/wp\/v2\/product\/11510","targetHints":{"allow":["GET"]}}],"collection":[{"href":"https:\/\/bernadettekhalil.com\/en\/wp-json\/wp\/v2\/product"}],"about":[{"href":"https:\/\/bernadettekhalil.com\/en\/wp-json\/wp\/v2\/types\/product"}],"wp:featuredmedia":[{"embeddable":true,"href":"https:\/\/bernadettekhalil.com\/en\/wp-json\/wp\/v2\/media\/5181"}],"wp:attachment":[{"href":"https:\/\/bernadettekhalil.com\/en\/wp-json\/wp\/v2\/media?parent=11510"}],"wp:term":[{"taxonomy":"product_brand","embeddable":true,"href":"https:\/\/bernadettekhalil.com\/en\/wp-json\/wp\/v2\/product_brand?post=11510"},{"taxonomy":"product_cat","embeddable":true,"href":"https:\/\/bernadettekhalil.com\/en\/wp-json\/wp\/v2\/product_cat?post=11510"},{"taxonomy":"product_tag","embeddable":true,"href":"https:\/\/bernadettekhalil.com\/en\/wp-json\/wp\/v2\/product_tag?post=11510"}],"curies":[{"name":"wp","href":"https:\/\/api.w.org\/{rel}","templated":true}]}}