{"id":10088,"date":"2025-07-15T16:49:43","date_gmt":"2025-07-15T20:49:43","guid":{"rendered":"https:\/\/bernadettekhalil.com\/?post_type=product&#038;p=10088"},"modified":"2025-07-15T16:49:43","modified_gmt":"2025-07-15T20:49:43","slug":"triomphal-accueil-de-lamour-divin","status":"publish","type":"product","link":"https:\/\/bernadettekhalil.com\/en\/product\/triomphal-accueil-de-lamour-divin\/","title":{"rendered":"Triomphal accueil de l\u2019Amour Divin"},"content":{"rendered":"","protected":false},"excerpt":{"rendered":"<p>Dans une douceur incommensurable, exp\u00e9rimenter un bain de repos total, complet et entier \u00e0 travers une chute de Lumi\u00e8re rassurante, brillante et r\u00e9confortante. Recevoir tout cet Amour Divin qui veut seulement nous voir briller notre lumi\u00e8re, heureux. Et dans cette \u00e8re de Paix, se sentir aim\u00e9, accept\u00e9 et go\u00fbter la gu\u00e9rison par l\u2019Amour.<\/p>\n","protected":false},"featured_media":6808,"template":"","meta":{"site-sidebar-layout":"default","site-content-layout":"","ast-site-content-layout":"default","site-content-style":"default","site-sidebar-style":"default","ast-global-header-display":"","ast-banner-title-visibility":"","ast-main-header-display":"","ast-hfb-above-header-display":"","ast-hfb-below-header-display":"","ast-hfb-mobile-header-display":"","site-post-title":"","ast-breadcrumbs-content":"","ast-featured-img":"","footer-sml-layout":"","theme-transparent-header-meta":"default","adv-header-id-meta":"","stick-header-meta":"","header-above-stick-meta":"","header-main-stick-meta":"","header-below-stick-meta":"","astra-migrate-meta-layouts":"set","ast-page-background-enabled":"default","ast-page-background-meta":{"desktop":{"background-color":"","background-image":"","background-repeat":"repeat","background-position":"center center","background-size":"auto","background-attachment":"scroll","background-type":"","background-media":"","overlay-type":"","overlay-color":"","overlay-opacity":"","overlay-gradient":""},"tablet":{"background-color":"","background-image":"","background-repeat":"repeat","background-position":"center center","background-size":"auto","background-attachment":"scroll","background-type":"","background-media":"","overlay-type":"","overlay-color":"","overlay-opacity":"","overlay-gradient":""},"mobile":{"background-color":"","background-image":"","background-repeat":"repeat","background-position":"center center","background-size":"auto","background-attachment":"scroll","background-type":"","background-media":"","overlay-type":"","overlay-color":"","overlay-opacity":"","overlay-gradient":""}},"ast-content-background-meta":{"desktop":{"background-color":"var(--ast-global-color-5)","background-image":"","background-repeat":"repeat","background-position":"center center","background-size":"auto","background-attachment":"scroll","background-type":"","background-media":"","overlay-type":"","overlay-color":"","overlay-opacity":"","overlay-gradient":""},"tablet":{"background-color":"var(--ast-global-color-5)","background-image":"","background-repeat":"repeat","background-position":"center center","background-size":"auto","background-attachment":"scroll","background-type":"","background-media":"","overlay-type":"","overlay-color":"","overlay-opacity":"","overlay-gradient":""},"mobile":{"background-color":"var(--ast-global-color-5)","background-image":"","background-repeat":"repeat","background-position":"center center","background-size":"auto","background-attachment":"scroll","background-type":"","background-media":"","overlay-type":"","overlay-color":"","overlay-opacity":"","overlay-gradient":""}}},"product_brand":[],"product_cat":[42,122],"product_tag":[],"class_list":{"0":"post-10088","1":"product","2":"type-product","3":"status-publish","4":"has-post-thumbnail","6":"product_cat-audios-et-videos-a-telecharger","7":"product_cat-retraite","8":"desktop-align-left","9":"tablet-align-left","10":"mobile-align-left","12":"first","13":"instock","14":"taxable","15":"shipping-taxable","16":"purchasable","17":"product-type-variable"},"yoast_head":"<!-- This site is optimized with the Yoast SEO plugin v27.5 - https:\/\/yoast.com\/product\/yoast-seo-wordpress\/ -->\n<title>Triomphal accueil de l\u2019Amour Divin - Boutique Bernadette Khalil<\/title>\n<meta name=\"robots\" content=\"index, follow, max-snippet:-1, max-image-preview:large, max-video-preview:-1\" \/>\n<link rel=\"canonical\" href=\"https:\/\/bernadettekhalil.com\/en\/product\/triomphal-accueil-de-lamour-divin\/\" \/>\n<meta property=\"og:locale\" content=\"en_US\" \/>\n<meta property=\"og:type\" content=\"article\" \/>\n<meta property=\"og:title\" content=\"Triomphal accueil de l\u2019Amour Divin - Boutique Bernadette Khalil\" \/>\n<meta property=\"og:description\" content=\"Dans une douceur incommensurable, exp\u00e9rimenter un bain de repos total, complet et entier \u00e0 travers une chute de Lumi\u00e8re rassurante, brillante et r\u00e9confortante. Recevoir tout cet Amour Divin qui veut seulement nous voir briller notre lumi\u00e8re, heureux. Et dans cette \u00e8re de Paix, se sentir aim\u00e9, accept\u00e9 et go\u00fbter la gu\u00e9rison par l\u2019Amour.\" \/>\n<meta property=\"og:url\" content=\"https:\/\/bernadettekhalil.com\/en\/product\/triomphal-accueil-de-lamour-divin\/\" \/>\n<meta property=\"og:site_name\" content=\"Boutique Bernadette Khalil\" \/>\n<meta property=\"og:image\" content=\"https:\/\/bernadettekhalil.com\/wp-content\/uploads\/2023\/09\/meditation-septembre-2023.jpg\" \/>\n\t<meta property=\"og:image:width\" content=\"1080\" \/>\n\t<meta property=\"og:image:height\" content=\"1080\" \/>\n\t<meta property=\"og:image:type\" content=\"image\/jpeg\" \/>\n<meta name=\"twitter:card\" content=\"summary_large_image\" \/>\n<script type=\"application\/ld+json\" class=\"yoast-schema-graph\">{\"@context\":\"https:\\\/\\\/schema.org\",\"@graph\":[{\"@type\":\"WebPage\",\"@id\":\"https:\\\/\\\/bernadettekhalil.com\\\/en\\\/product\\\/triomphal-accueil-de-lamour-divin\\\/\",\"url\":\"https:\\\/\\\/bernadettekhalil.com\\\/en\\\/product\\\/triomphal-accueil-de-lamour-divin\\\/\",\"name\":\"Triomphal accueil de l\u2019Amour Divin - Boutique Bernadette Khalil\",\"isPartOf\":{\"@id\":\"https:\\\/\\\/bernadettekhalil.com\\\/en\\\/#website\"},\"primaryImageOfPage\":{\"@id\":\"https:\\\/\\\/bernadettekhalil.com\\\/en\\\/product\\\/triomphal-accueil-de-lamour-divin\\\/#primaryimage\"},\"image\":{\"@id\":\"https:\\\/\\\/bernadettekhalil.com\\\/en\\\/product\\\/triomphal-accueil-de-lamour-divin\\\/#primaryimage\"},\"thumbnailUrl\":\"https:\\\/\\\/bernadettekhalil.com\\\/wp-content\\\/uploads\\\/2023\\\/09\\\/meditation-septembre-2023.jpg\",\"datePublished\":\"2025-07-15T20:49:43+00:00\",\"breadcrumb\":{\"@id\":\"https:\\\/\\\/bernadettekhalil.com\\\/en\\\/product\\\/triomphal-accueil-de-lamour-divin\\\/#breadcrumb\"},\"inLanguage\":\"en-US\",\"potentialAction\":[{\"@type\":\"ReadAction\",\"target\":[\"https:\\\/\\\/bernadettekhalil.com\\\/en\\\/product\\\/triomphal-accueil-de-lamour-divin\\\/\"]}]},{\"@type\":\"ImageObject\",\"inLanguage\":\"en-US\",\"@id\":\"https:\\\/\\\/bernadettekhalil.com\\\/en\\\/product\\\/triomphal-accueil-de-lamour-divin\\\/#primaryimage\",\"url\":\"https:\\\/\\\/bernadettekhalil.com\\\/wp-content\\\/uploads\\\/2023\\\/09\\\/meditation-septembre-2023.jpg\",\"contentUrl\":\"https:\\\/\\\/bernadettekhalil.com\\\/wp-content\\\/uploads\\\/2023\\\/09\\\/meditation-septembre-2023.jpg\",\"width\":1080,\"height\":1080,\"caption\":\"meditation-septembre-2023\"},{\"@type\":\"BreadcrumbList\",\"@id\":\"https:\\\/\\\/bernadettekhalil.com\\\/en\\\/product\\\/triomphal-accueil-de-lamour-divin\\\/#breadcrumb\",\"itemListElement\":[{\"@type\":\"ListItem\",\"position\":1,\"name\":\"Shop\",\"item\":\"https:\\\/\\\/bernadettekhalil.com\\\/en\\\/shop\\\/\"},{\"@type\":\"ListItem\",\"position\":2,\"name\":\"Audios and videos to download\",\"item\":\"https:\\\/\\\/bernadettekhalil.com\\\/en\\\/categorie-produits\\\/audios-and-videos-to-download\\\/\"},{\"@type\":\"ListItem\",\"position\":3,\"name\":\"Retreat\",\"item\":\"https:\\\/\\\/bernadettekhalil.com\\\/en\\\/categorie-produits\\\/audios-and-videos-to-download\\\/retreat\\\/\"},{\"@type\":\"ListItem\",\"position\":4,\"name\":\"Triomphal accueil de l\u2019Amour Divin\"}]},{\"@type\":\"WebSite\",\"@id\":\"https:\\\/\\\/bernadettekhalil.com\\\/en\\\/#website\",\"url\":\"https:\\\/\\\/bernadettekhalil.com\\\/en\\\/\",\"name\":\"Boutique Bernadette Khalil\",\"description\":\"\",\"publisher\":{\"@id\":\"https:\\\/\\\/bernadettekhalil.com\\\/en\\\/#organization\"},\"potentialAction\":[{\"@type\":\"SearchAction\",\"target\":{\"@type\":\"EntryPoint\",\"urlTemplate\":\"https:\\\/\\\/bernadettekhalil.com\\\/en\\\/?s={search_term_string}\"},\"query-input\":{\"@type\":\"PropertyValueSpecification\",\"valueRequired\":true,\"valueName\":\"search_term_string\"}}],\"inLanguage\":\"en-US\"},{\"@type\":\"Organization\",\"@id\":\"https:\\\/\\\/bernadettekhalil.com\\\/en\\\/#organization\",\"name\":\"Bernadette Khalil\",\"url\":\"https:\\\/\\\/bernadettekhalil.com\\\/en\\\/\",\"logo\":{\"@type\":\"ImageObject\",\"inLanguage\":\"en-US\",\"@id\":\"https:\\\/\\\/bernadettekhalil.com\\\/en\\\/#\\\/schema\\\/logo\\\/image\\\/\",\"url\":\"https:\\\/\\\/bernadettekhalil.com\\\/wp-content\\\/uploads\\\/2020\\\/05\\\/bernadette-khalil-vignette.png\",\"contentUrl\":\"https:\\\/\\\/bernadettekhalil.com\\\/wp-content\\\/uploads\\\/2020\\\/05\\\/bernadette-khalil-vignette.png\",\"width\":500,\"height\":341,\"caption\":\"Bernadette Khalil\"},\"image\":{\"@id\":\"https:\\\/\\\/bernadettekhalil.com\\\/en\\\/#\\\/schema\\\/logo\\\/image\\\/\"},\"sameAs\":[\"https:\\\/\\\/www.youtube.com\\\/channel\\\/UC0JPPlf--jppL2RgJxJTkYA\"]}]}<\/script>\n<!-- \/ Yoast SEO plugin. -->","yoast_head_json":{"title":"Triomphal accueil de l\u2019Amour Divin - Boutique Bernadette Khalil","robots":{"index":"index","follow":"follow","max-snippet":"max-snippet:-1","max-image-preview":"max-image-preview:large","max-video-preview":"max-video-preview:-1"},"canonical":"https:\/\/bernadettekhalil.com\/en\/product\/triomphal-accueil-de-lamour-divin\/","og_locale":"en_US","og_type":"article","og_title":"Triomphal accueil de l\u2019Amour Divin - Boutique Bernadette Khalil","og_description":"Dans une douceur incommensurable, exp\u00e9rimenter un bain de repos total, complet et entier \u00e0 travers une chute de Lumi\u00e8re rassurante, brillante et r\u00e9confortante. Recevoir tout cet Amour Divin qui veut seulement nous voir briller notre lumi\u00e8re, heureux. Et dans cette \u00e8re de Paix, se sentir aim\u00e9, accept\u00e9 et go\u00fbter la gu\u00e9rison par l\u2019Amour.","og_url":"https:\/\/bernadettekhalil.com\/en\/product\/triomphal-accueil-de-lamour-divin\/","og_site_name":"Boutique Bernadette Khalil","og_image":[{"width":1080,"height":1080,"url":"https:\/\/bernadettekhalil.com\/wp-content\/uploads\/2023\/09\/meditation-septembre-2023.jpg","type":"image\/jpeg"}],"twitter_card":"summary_large_image","schema":{"@context":"https:\/\/schema.org","@graph":[{"@type":"WebPage","@id":"https:\/\/bernadettekhalil.com\/en\/product\/triomphal-accueil-de-lamour-divin\/","url":"https:\/\/bernadettekhalil.com\/en\/product\/triomphal-accueil-de-lamour-divin\/","name":"Triomphal accueil de l\u2019Amour Divin - Boutique Bernadette Khalil","isPartOf":{"@id":"https:\/\/bernadettekhalil.com\/en\/#website"},"primaryImageOfPage":{"@id":"https:\/\/bernadettekhalil.com\/en\/product\/triomphal-accueil-de-lamour-divin\/#primaryimage"},"image":{"@id":"https:\/\/bernadettekhalil.com\/en\/product\/triomphal-accueil-de-lamour-divin\/#primaryimage"},"thumbnailUrl":"https:\/\/bernadettekhalil.com\/wp-content\/uploads\/2023\/09\/meditation-septembre-2023.jpg","datePublished":"2025-07-15T20:49:43+00:00","breadcrumb":{"@id":"https:\/\/bernadettekhalil.com\/en\/product\/triomphal-accueil-de-lamour-divin\/#breadcrumb"},"inLanguage":"en-US","potentialAction":[{"@type":"ReadAction","target":["https:\/\/bernadettekhalil.com\/en\/product\/triomphal-accueil-de-lamour-divin\/"]}]},{"@type":"ImageObject","inLanguage":"en-US","@id":"https:\/\/bernadettekhalil.com\/en\/product\/triomphal-accueil-de-lamour-divin\/#primaryimage","url":"https:\/\/bernadettekhalil.com\/wp-content\/uploads\/2023\/09\/meditation-septembre-2023.jpg","contentUrl":"https:\/\/bernadettekhalil.com\/wp-content\/uploads\/2023\/09\/meditation-septembre-2023.jpg","width":1080,"height":1080,"caption":"meditation-septembre-2023"},{"@type":"BreadcrumbList","@id":"https:\/\/bernadettekhalil.com\/en\/product\/triomphal-accueil-de-lamour-divin\/#breadcrumb","itemListElement":[{"@type":"ListItem","position":1,"name":"Shop","item":"https:\/\/bernadettekhalil.com\/en\/shop\/"},{"@type":"ListItem","position":2,"name":"Audios and videos to download","item":"https:\/\/bernadettekhalil.com\/en\/categorie-produits\/audios-and-videos-to-download\/"},{"@type":"ListItem","position":3,"name":"Retreat","item":"https:\/\/bernadettekhalil.com\/en\/categorie-produits\/audios-and-videos-to-download\/retreat\/"},{"@type":"ListItem","position":4,"name":"Triomphal accueil de l\u2019Amour Divin"}]},{"@type":"WebSite","@id":"https:\/\/bernadettekhalil.com\/en\/#website","url":"https:\/\/bernadettekhalil.com\/en\/","name":"Boutique Bernadette Khalil","description":"","publisher":{"@id":"https:\/\/bernadettekhalil.com\/en\/#organization"},"potentialAction":[{"@type":"SearchAction","target":{"@type":"EntryPoint","urlTemplate":"https:\/\/bernadettekhalil.com\/en\/?s={search_term_string}"},"query-input":{"@type":"PropertyValueSpecification","valueRequired":true,"valueName":"search_term_string"}}],"inLanguage":"en-US"},{"@type":"Organization","@id":"https:\/\/bernadettekhalil.com\/en\/#organization","name":"Bernadette Khalil","url":"https:\/\/bernadettekhalil.com\/en\/","logo":{"@type":"ImageObject","inLanguage":"en-US","@id":"https:\/\/bernadettekhalil.com\/en\/#\/schema\/logo\/image\/","url":"https:\/\/bernadettekhalil.com\/wp-content\/uploads\/2020\/05\/bernadette-khalil-vignette.png","contentUrl":"https:\/\/bernadettekhalil.com\/wp-content\/uploads\/2020\/05\/bernadette-khalil-vignette.png","width":500,"height":341,"caption":"Bernadette Khalil"},"image":{"@id":"https:\/\/bernadettekhalil.com\/en\/#\/schema\/logo\/image\/"},"sameAs":["https:\/\/www.youtube.com\/channel\/UC0JPPlf--jppL2RgJxJTkYA"]}]}},"_links":{"self":[{"href":"https:\/\/bernadettekhalil.com\/en\/wp-json\/wp\/v2\/product\/10088","targetHints":{"allow":["GET"]}}],"collection":[{"href":"https:\/\/bernadettekhalil.com\/en\/wp-json\/wp\/v2\/product"}],"about":[{"href":"https:\/\/bernadettekhalil.com\/en\/wp-json\/wp\/v2\/types\/product"}],"wp:featuredmedia":[{"embeddable":true,"href":"https:\/\/bernadettekhalil.com\/en\/wp-json\/wp\/v2\/media\/6808"}],"wp:attachment":[{"href":"https:\/\/bernadettekhalil.com\/en\/wp-json\/wp\/v2\/media?parent=10088"}],"wp:term":[{"taxonomy":"product_brand","embeddable":true,"href":"https:\/\/bernadettekhalil.com\/en\/wp-json\/wp\/v2\/product_brand?post=10088"},{"taxonomy":"product_cat","embeddable":true,"href":"https:\/\/bernadettekhalil.com\/en\/wp-json\/wp\/v2\/product_cat?post=10088"},{"taxonomy":"product_tag","embeddable":true,"href":"https:\/\/bernadettekhalil.com\/en\/wp-json\/wp\/v2\/product_tag?post=10088"}],"curies":[{"name":"wp","href":"https:\/\/api.w.org\/{rel}","templated":true}]}}